{"id":13862,"date":"2025-10-02T15:16:07","date_gmt":"2025-10-02T14:16:07","guid":{"rendered":"https:\/\/www.socialdemocrats.ie\/?post_type=product&#038;p=13862"},"modified":"2026-02-24T14:33:05","modified_gmt":"2026-02-24T14:33:05","slug":"more-mna-sweatshirt-grey-yellow","status":"publish","type":"product","link":"https:\/\/www.socialdemocrats.ie\/ga\/product\/more-mna-sweatshirt-grey-yellow\/","title":{"rendered":"More Mn\u00e1 Sweatshirt &#8211; Grey Sweatshirt (Yellow More Mn\u00e1)"},"content":{"rendered":"<p>Start a conversation with our More Mn\u00e1 sweatshirts.<\/p>\n<p>Sweatshirts come in sizes XS to 5XL.<\/p>\n<p>85% organic cotton, 15% recycled polyester.<\/p>\n<p><strong><em>All proceeds from the sale of merchandise will go to supporting our candidates during future elections.<\/em><\/strong><\/p>\n","protected":false},"excerpt":{"rendered":"<p>Start a conversation with our More Mn\u00e1 sweatshirts. Sweatshirts come in sizes XS to 5XL. 85% organic cotton, 15% recycled polyester. All proceeds from the sale of merchandise will go to supporting our candidates during future elections.<\/p>\n","protected":false},"featured_media":13863,"template":"","meta":{"_acf_changed":false},"product_brand":[],"product_cat":[753],"product_tag":[765],"class_list":{"0":"post-13862","1":"product","2":"type-product","3":"status-publish","4":"has-post-thumbnail","6":"product_cat-merch","7":"product_tag-clothing","9":"first","10":"instock","11":"shipping-taxable","12":"purchasable","13":"product-type-variable"},"acf":[],"yoast_head":"<!-- This site is optimized with the Yoast SEO plugin v27.3 - https:\/\/yoast.com\/product\/yoast-seo-wordpress\/ -->\n<title>More Mn\u00e1 Sweatshirt - Grey Sweatshirt (Yellow More Mn\u00e1) - Social Democrats<\/title>\n<meta name=\"robots\" content=\"index, follow, max-snippet:-1, max-image-preview:large, max-video-preview:-1\" \/>\n<link rel=\"canonical\" href=\"https:\/\/www.socialdemocrats.ie\/product\/more-mna-sweatshirt-grey-yellow\/\" \/>\n<meta property=\"og:locale\" content=\"ga_IE\" \/>\n<meta property=\"og:type\" content=\"article\" \/>\n<meta property=\"og:title\" content=\"More Mn\u00e1 Sweatshirt - Grey Sweatshirt (Yellow More Mn\u00e1) - Social Democrats\" \/>\n<meta property=\"og:description\" content=\"Start a conversation with our More Mn\u00e1 sweatshirts. Sweatshirts come in sizes XS to 5XL. 85% organic cotton, 15% recycled polyester. All proceeds from the sale of merchandise will go to supporting our candidates during future elections.\" \/>\n<meta property=\"og:url\" content=\"https:\/\/www.socialdemocrats.ie\/product\/more-mna-sweatshirt-grey-yellow\/\" \/>\n<meta property=\"og:site_name\" content=\"Social Democrats\" \/>\n<meta property=\"article:publisher\" content=\"https:\/\/www.facebook.com\/socialdemocratsireland\" \/>\n<meta property=\"article:modified_time\" content=\"2026-02-24T14:33:05+00:00\" \/>\n<meta property=\"og:image\" content=\"https:\/\/www.socialdemocrats.ie\/wp-content\/uploads\/2025\/10\/More-Mna-Sweatshirt-Grey-Yellow.jpeg\" \/>\n\t<meta property=\"og:image:width\" content=\"1357\" \/>\n\t<meta property=\"og:image:height\" content=\"1920\" \/>\n\t<meta property=\"og:image:type\" content=\"image\/jpeg\" \/>\n<meta name=\"twitter:card\" content=\"summary_large_image\" \/>\n<meta name=\"twitter:site\" content=\"@SocDems\" \/>\n<meta name=\"twitter:label1\" content=\"Est. reading time\" \/>\n\t<meta name=\"twitter:data1\" content=\"1 minute\" \/>\n<script type=\"application\/ld+json\" class=\"yoast-schema-graph\">{\"@context\":\"https:\\\/\\\/schema.org\",\"@graph\":[{\"@type\":\"WebPage\",\"@id\":\"https:\\\/\\\/www.socialdemocrats.ie\\\/product\\\/more-mna-sweatshirt-grey-yellow\\\/\",\"url\":\"https:\\\/\\\/www.socialdemocrats.ie\\\/product\\\/more-mna-sweatshirt-grey-yellow\\\/\",\"name\":\"More Mn\u00e1 Sweatshirt - Grey Sweatshirt (Yellow More Mn\u00e1) - Social Democrats\",\"isPartOf\":{\"@id\":\"https:\\\/\\\/www.socialdemocrats.ie\\\/#website\"},\"primaryImageOfPage\":{\"@id\":\"https:\\\/\\\/www.socialdemocrats.ie\\\/product\\\/more-mna-sweatshirt-grey-yellow\\\/#primaryimage\"},\"image\":{\"@id\":\"https:\\\/\\\/www.socialdemocrats.ie\\\/product\\\/more-mna-sweatshirt-grey-yellow\\\/#primaryimage\"},\"thumbnailUrl\":\"https:\\\/\\\/www.socialdemocrats.ie\\\/wp-content\\\/uploads\\\/2025\\\/10\\\/More-Mna-Sweatshirt-Grey-Yellow.jpeg\",\"datePublished\":\"2025-10-02T14:16:07+00:00\",\"dateModified\":\"2026-02-24T14:33:05+00:00\",\"breadcrumb\":{\"@id\":\"https:\\\/\\\/www.socialdemocrats.ie\\\/product\\\/more-mna-sweatshirt-grey-yellow\\\/#breadcrumb\"},\"inLanguage\":\"ga-IE\",\"potentialAction\":[{\"@type\":\"ReadAction\",\"target\":[\"https:\\\/\\\/www.socialdemocrats.ie\\\/product\\\/more-mna-sweatshirt-grey-yellow\\\/\"]}]},{\"@type\":\"ImageObject\",\"inLanguage\":\"ga-IE\",\"@id\":\"https:\\\/\\\/www.socialdemocrats.ie\\\/product\\\/more-mna-sweatshirt-grey-yellow\\\/#primaryimage\",\"url\":\"https:\\\/\\\/www.socialdemocrats.ie\\\/wp-content\\\/uploads\\\/2025\\\/10\\\/More-Mna-Sweatshirt-Grey-Yellow.jpeg\",\"contentUrl\":\"https:\\\/\\\/www.socialdemocrats.ie\\\/wp-content\\\/uploads\\\/2025\\\/10\\\/More-Mna-Sweatshirt-Grey-Yellow.jpeg\",\"width\":1357,\"height\":1920,\"caption\":\"More Mn\u00e1 Sweatshirt Grey Yellow\"},{\"@type\":\"BreadcrumbList\",\"@id\":\"https:\\\/\\\/www.socialdemocrats.ie\\\/product\\\/more-mna-sweatshirt-grey-yellow\\\/#breadcrumb\",\"itemListElement\":[{\"@type\":\"ListItem\",\"position\":1,\"name\":\"Home\",\"item\":\"https:\\\/\\\/www.socialdemocrats.ie\\\/\"},{\"@type\":\"ListItem\",\"position\":2,\"name\":\"Shop\",\"item\":\"https:\\\/\\\/www.socialdemocrats.ie\\\/shop\\\/\"},{\"@type\":\"ListItem\",\"position\":3,\"name\":\"More Mn\u00e1 Sweatshirt &#8211; Grey Sweatshirt (Yellow More Mn\u00e1)\"}]},{\"@type\":\"WebSite\",\"@id\":\"https:\\\/\\\/www.socialdemocrats.ie\\\/#website\",\"url\":\"https:\\\/\\\/www.socialdemocrats.ie\\\/\",\"name\":\"Social Democrats\",\"description\":\"Change Ireland for the better\",\"publisher\":{\"@id\":\"https:\\\/\\\/www.socialdemocrats.ie\\\/#organization\"},\"potentialAction\":[{\"@type\":\"SearchAction\",\"target\":{\"@type\":\"EntryPoint\",\"urlTemplate\":\"https:\\\/\\\/www.socialdemocrats.ie\\\/?s={search_term_string}\"},\"query-input\":{\"@type\":\"PropertyValueSpecification\",\"valueRequired\":true,\"valueName\":\"search_term_string\"}}],\"inLanguage\":\"ga-IE\"},{\"@type\":\"Organization\",\"@id\":\"https:\\\/\\\/www.socialdemocrats.ie\\\/#organization\",\"name\":\"The Social Democrats\",\"url\":\"https:\\\/\\\/www.socialdemocrats.ie\\\/\",\"logo\":{\"@type\":\"ImageObject\",\"inLanguage\":\"ga-IE\",\"@id\":\"https:\\\/\\\/www.socialdemocrats.ie\\\/#\\\/schema\\\/logo\\\/image\\\/\",\"url\":\"https:\\\/\\\/www.socialdemocrats.ie\\\/wp-content\\\/uploads\\\/2023\\\/09\\\/SocDems-logo.png\",\"contentUrl\":\"https:\\\/\\\/www.socialdemocrats.ie\\\/wp-content\\\/uploads\\\/2023\\\/09\\\/SocDems-logo.png\",\"width\":846,\"height\":358,\"caption\":\"The Social Democrats\"},\"image\":{\"@id\":\"https:\\\/\\\/www.socialdemocrats.ie\\\/#\\\/schema\\\/logo\\\/image\\\/\"},\"sameAs\":[\"https:\\\/\\\/www.facebook.com\\\/socialdemocratsireland\",\"https:\\\/\\\/x.com\\\/SocDems\"]}]}<\/script>\n<!-- \/ Yoast SEO plugin. -->","yoast_head_json":{"title":"More Mn\u00e1 Sweatshirt - Grey Sweatshirt (Yellow More Mn\u00e1) - Social Democrats","robots":{"index":"index","follow":"follow","max-snippet":"max-snippet:-1","max-image-preview":"max-image-preview:large","max-video-preview":"max-video-preview:-1"},"canonical":"https:\/\/www.socialdemocrats.ie\/product\/more-mna-sweatshirt-grey-yellow\/","og_locale":"ga_IE","og_type":"article","og_title":"More Mn\u00e1 Sweatshirt - Grey Sweatshirt (Yellow More Mn\u00e1) - Social Democrats","og_description":"Start a conversation with our More Mn\u00e1 sweatshirts. Sweatshirts come in sizes XS to 5XL. 85% organic cotton, 15% recycled polyester. All proceeds from the sale of merchandise will go to supporting our candidates during future elections.","og_url":"https:\/\/www.socialdemocrats.ie\/product\/more-mna-sweatshirt-grey-yellow\/","og_site_name":"Social Democrats","article_publisher":"https:\/\/www.facebook.com\/socialdemocratsireland","article_modified_time":"2026-02-24T14:33:05+00:00","og_image":[{"width":1357,"height":1920,"url":"https:\/\/www.socialdemocrats.ie\/wp-content\/uploads\/2025\/10\/More-Mna-Sweatshirt-Grey-Yellow.jpeg","type":"image\/jpeg"}],"twitter_card":"summary_large_image","twitter_site":"@SocDems","twitter_misc":{"Est. reading time":"1 minute"},"schema":{"@context":"https:\/\/schema.org","@graph":[{"@type":"WebPage","@id":"https:\/\/www.socialdemocrats.ie\/product\/more-mna-sweatshirt-grey-yellow\/","url":"https:\/\/www.socialdemocrats.ie\/product\/more-mna-sweatshirt-grey-yellow\/","name":"More Mn\u00e1 Sweatshirt - Grey Sweatshirt (Yellow More Mn\u00e1) - Social Democrats","isPartOf":{"@id":"https:\/\/www.socialdemocrats.ie\/#website"},"primaryImageOfPage":{"@id":"https:\/\/www.socialdemocrats.ie\/product\/more-mna-sweatshirt-grey-yellow\/#primaryimage"},"image":{"@id":"https:\/\/www.socialdemocrats.ie\/product\/more-mna-sweatshirt-grey-yellow\/#primaryimage"},"thumbnailUrl":"https:\/\/www.socialdemocrats.ie\/wp-content\/uploads\/2025\/10\/More-Mna-Sweatshirt-Grey-Yellow.jpeg","datePublished":"2025-10-02T14:16:07+00:00","dateModified":"2026-02-24T14:33:05+00:00","breadcrumb":{"@id":"https:\/\/www.socialdemocrats.ie\/product\/more-mna-sweatshirt-grey-yellow\/#breadcrumb"},"inLanguage":"ga-IE","potentialAction":[{"@type":"ReadAction","target":["https:\/\/www.socialdemocrats.ie\/product\/more-mna-sweatshirt-grey-yellow\/"]}]},{"@type":"ImageObject","inLanguage":"ga-IE","@id":"https:\/\/www.socialdemocrats.ie\/product\/more-mna-sweatshirt-grey-yellow\/#primaryimage","url":"https:\/\/www.socialdemocrats.ie\/wp-content\/uploads\/2025\/10\/More-Mna-Sweatshirt-Grey-Yellow.jpeg","contentUrl":"https:\/\/www.socialdemocrats.ie\/wp-content\/uploads\/2025\/10\/More-Mna-Sweatshirt-Grey-Yellow.jpeg","width":1357,"height":1920,"caption":"More Mn\u00e1 Sweatshirt Grey Yellow"},{"@type":"BreadcrumbList","@id":"https:\/\/www.socialdemocrats.ie\/product\/more-mna-sweatshirt-grey-yellow\/#breadcrumb","itemListElement":[{"@type":"ListItem","position":1,"name":"Home","item":"https:\/\/www.socialdemocrats.ie\/"},{"@type":"ListItem","position":2,"name":"Shop","item":"https:\/\/www.socialdemocrats.ie\/shop\/"},{"@type":"ListItem","position":3,"name":"More Mn\u00e1 Sweatshirt &#8211; Grey Sweatshirt (Yellow More Mn\u00e1)"}]},{"@type":"WebSite","@id":"https:\/\/www.socialdemocrats.ie\/#website","url":"https:\/\/www.socialdemocrats.ie\/","name":"Social Democrats","description":"Change Ireland for the better","publisher":{"@id":"https:\/\/www.socialdemocrats.ie\/#organization"},"potentialAction":[{"@type":"SearchAction","target":{"@type":"EntryPoint","urlTemplate":"https:\/\/www.socialdemocrats.ie\/?s={search_term_string}"},"query-input":{"@type":"PropertyValueSpecification","valueRequired":true,"valueName":"search_term_string"}}],"inLanguage":"ga-IE"},{"@type":"Organization","@id":"https:\/\/www.socialdemocrats.ie\/#organization","name":"The Social Democrats","url":"https:\/\/www.socialdemocrats.ie\/","logo":{"@type":"ImageObject","inLanguage":"ga-IE","@id":"https:\/\/www.socialdemocrats.ie\/#\/schema\/logo\/image\/","url":"https:\/\/www.socialdemocrats.ie\/wp-content\/uploads\/2023\/09\/SocDems-logo.png","contentUrl":"https:\/\/www.socialdemocrats.ie\/wp-content\/uploads\/2023\/09\/SocDems-logo.png","width":846,"height":358,"caption":"The Social Democrats"},"image":{"@id":"https:\/\/www.socialdemocrats.ie\/#\/schema\/logo\/image\/"},"sameAs":["https:\/\/www.facebook.com\/socialdemocratsireland","https:\/\/x.com\/SocDems"]}]}},"_links":{"self":[{"href":"https:\/\/www.socialdemocrats.ie\/ga\/wp-json\/wp\/v2\/product\/13862","targetHints":{"allow":["GET"]}}],"collection":[{"href":"https:\/\/www.socialdemocrats.ie\/ga\/wp-json\/wp\/v2\/product"}],"about":[{"href":"https:\/\/www.socialdemocrats.ie\/ga\/wp-json\/wp\/v2\/types\/product"}],"wp:featuredmedia":[{"embeddable":true,"href":"https:\/\/www.socialdemocrats.ie\/ga\/wp-json\/wp\/v2\/media\/13863"}],"wp:attachment":[{"href":"https:\/\/www.socialdemocrats.ie\/ga\/wp-json\/wp\/v2\/media?parent=13862"}],"wp:term":[{"taxonomy":"product_brand","embeddable":true,"href":"https:\/\/www.socialdemocrats.ie\/ga\/wp-json\/wp\/v2\/product_brand?post=13862"},{"taxonomy":"product_cat","embeddable":true,"href":"https:\/\/www.socialdemocrats.ie\/ga\/wp-json\/wp\/v2\/product_cat?post=13862"},{"taxonomy":"product_tag","embeddable":true,"href":"https:\/\/www.socialdemocrats.ie\/ga\/wp-json\/wp\/v2\/product_tag?post=13862"}],"curies":[{"name":"wp","href":"https:\/\/api.w.org\/{rel}","templated":true}]}}